{"id":4,"date":"2018-02-04T15:02:11","date_gmt":"2018-02-04T15:02:11","guid":{"rendered":"http:\/\/clairewermeille.ch\/?page_id=4"},"modified":"2018-06-15T18:31:58","modified_gmt":"2018-06-15T18:31:58","slug":"claire-wermeille","status":"publish","type":"page","link":"https:\/\/clairewermeille.ch\/?page_id=4","title":{"rendered":"Art-th\u00e9rapie"},"content":{"rendered":"<p>&nbsp;<\/p>\n<h2 style=\"text-align: left;\"><span style=\"color: #000000;\"><img loading=\"lazy\" decoding=\"async\" class=\"alignleft wp-image-367\" src=\"http:\/\/clairewermeille.ch\/wp-content\/uploads\/2018\/05\/Wermeille-Art-th\u00e9rapie-collage-300x193.jpg\" alt=\"\" width=\"500\" height=\"322\" srcset=\"https:\/\/clairewermeille.ch\/wp-content\/uploads\/2018\/05\/Wermeille-Art-th\u00e9rapie-collage-300x193.jpg 300w, https:\/\/clairewermeille.ch\/wp-content\/uploads\/2018\/05\/Wermeille-Art-th\u00e9rapie-collage-768x494.jpg 768w, https:\/\/clairewermeille.ch\/wp-content\/uploads\/2018\/05\/Wermeille-Art-th\u00e9rapie-collage-624x402.jpg 624w, https:\/\/clairewermeille.ch\/wp-content\/uploads\/2018\/05\/Wermeille-Art-th\u00e9rapie-collage.jpg 960w\" sizes=\"auto, (max-width: 500px) 100vw, 500px\" \/> <\/span><\/h2>\n<p>&nbsp;<\/p>\n<p><span style=\"color: #000000;\"><strong>Art-th\u00e9rapie multimodale\u00a0<\/strong><\/span><\/p>\n<p>Pour certain, la parole est utilis\u00e9e pour \u00e9changer des informations et tr\u00e8s pauvre pour dire les sentiments, les affects et les ressentis. Dans la crise, la pens\u00e9e est limit\u00e9e par la peur, l\u2019\u00e9chec et le d\u00e9sespoir.\u00a0La perte d\u2019\u00e9quilibre se manifeste par un lien interrompu \u00e0 la vie quotidienne, par la d\u00e9pendance, la d\u00e9pression, l\u2019anorexie, la boulimie, la s\u00e9paration, le deuil, la perte de sens ou des difficult\u00e9s d\u2019expression. Dans ce sens, la m\u00e9diation non verbale propos\u00e9e par un travail de conscience corporelle et la mise en forme en arts plastiques permet d\u2019instaurer un lien et une communication plus adapt\u00e9e pour exprimer ce qui anime la personne ou dire quelque chose de plus intime.<\/p>\n<p>Le \u00a0contact avec la mati\u00e8re, l\u2019attention au potentiel cr\u00e9atif met de l&rsquo;ordre, calme et diminue l\u2019anxi\u00e9t\u00e9. L&rsquo;utilisation de techniques artistiques permet de se rassembler, sortir des fonctionnements de la pens\u00e9e logique, clarifier les choses et laisser \u00e9merger des profondeurs de l\u2019\u00e2me des associations libres, des m\u00e9taphores et peut-\u00eatre entre voir des solutions.<\/p>\n<p style=\"text-align: left;\"><span style=\"color: #000000;\"><span style=\"color: #0000ff; font-size: 1.5rem;\">\u00abCherchons avec le d\u00e9sir de trouver et trouvons avec le d\u00e9sir de chercher encore.\u00bb<\/span><span style=\"color: #0000ff;\">\u00a0<span style=\"font-size: 0.857142857rem;\">Saint Augustin<\/span><\/span><\/span><\/p>\n<p><span style=\"color: #000000;\">\u00ab\u00a0Les mots qui vont surgir savent de nous des choses que nous ignorons d&rsquo;eux.\u00a0\u00bb\u00a0<\/span><span style=\"color: #000000;\"><span style=\"font-size: 12px;\">Ren\u00e9 Char<\/span><\/span><\/p>\n<h1 style=\"text-align: left;\"><\/h1>\n<p>&nbsp;<\/p>\n<p>&nbsp;<\/p>\n","protected":false},"excerpt":{"rendered":"<p>&nbsp; &nbsp; Art-th\u00e9rapie multimodale\u00a0 Pour certain, la parole est utilis\u00e9e pour \u00e9changer des informations et tr\u00e8s pauvre pour dire les sentiments, les affects et les ressentis. Dans la crise, la pens\u00e9e est limit\u00e9e par la peur, l\u2019\u00e9chec et le d\u00e9sespoir.\u00a0La perte d\u2019\u00e9quilibre se manifeste par un lien interrompu \u00e0 la vie quotidienne, par la d\u00e9pendance, [&hellip;]<\/p>\n","protected":false},"author":1,"featured_media":0,"parent":0,"menu_order":2,"comment_status":"closed","ping_status":"closed","template":"page-templates\/full-width.php","meta":{"footnotes":""},"class_list":["post-4","page","type-page","status-publish","hentry"],"_links":{"self":[{"href":"https:\/\/clairewermeille.ch\/index.php?rest_route=\/wp\/v2\/pages\/4","targetHints":{"allow":["GET"]}}],"collection":[{"href":"https:\/\/clairewermeille.ch\/index.php?rest_route=\/wp\/v2\/pages"}],"about":[{"href":"https:\/\/clairewermeille.ch\/index.php?rest_route=\/wp\/v2\/types\/page"}],"author":[{"embeddable":true,"href":"https:\/\/clairewermeille.ch\/index.php?rest_route=\/wp\/v2\/users\/1"}],"replies":[{"embeddable":true,"href":"https:\/\/clairewermeille.ch\/index.php?rest_route=%2Fwp%2Fv2%2Fcomments&post=4"}],"version-history":[{"count":65,"href":"https:\/\/clairewermeille.ch\/index.php?rest_route=\/wp\/v2\/pages\/4\/revisions"}],"predecessor-version":[{"id":417,"href":"https:\/\/clairewermeille.ch\/index.php?rest_route=\/wp\/v2\/pages\/4\/revisions\/417"}],"wp:attachment":[{"href":"https:\/\/clairewermeille.ch\/index.php?rest_route=%2Fwp%2Fv2%2Fmedia&parent=4"}],"curies":[{"name":"wp","href":"https:\/\/api.w.org\/{rel}","templated":true}]}}