{"id":204,"date":"2018-02-10T20:52:42","date_gmt":"2018-02-10T20:52:42","guid":{"rendered":"http:\/\/clairewermeille.ch\/?page_id=204"},"modified":"2023-11-02T13:33:20","modified_gmt":"2023-11-02T13:33:20","slug":"programme","status":"publish","type":"page","link":"https:\/\/clairewermeille.ch\/?page_id=204","title":{"rendered":"Programme"},"content":{"rendered":"<p>Atelier<\/p>\n<ul>\n<li>S\u00e9ance individuelle ergo-art-th\u00e9rapie<\/li>\n<li>Activit\u00e9, de fabrication artisanale, cr\u00e9atrice ou\/et expressive<\/li>\n<li>Lundi matin groupe \u00ab\u00a0mise en forme\u00a0\u00bb module de 5-6 s\u00e9ances<\/li>\n<li>vendredi matin de 9h00 \u00e0 10h30 petit groupe de r\u00e9habilitation psycho-social, marche, land-art<\/li>\n<li>Supervision en art-th\u00e9rapie et m\u00e9diation artistique<\/li>\n<\/ul>\n","protected":false},"excerpt":{"rendered":"<p>Atelier S\u00e9ance individuelle ergo-art-th\u00e9rapie Activit\u00e9, de fabrication artisanale, cr\u00e9atrice ou\/et expressive Lundi matin groupe \u00ab\u00a0mise en forme\u00a0\u00bb module de 5-6 s\u00e9ances vendredi matin de 9h00 \u00e0 10h30 petit groupe de r\u00e9habilitation psycho-social, marche, land-art Supervision en art-th\u00e9rapie et m\u00e9diation artistique<\/p>\n","protected":false},"author":1,"featured_media":0,"parent":0,"menu_order":5,"comment_status":"closed","ping_status":"closed","template":"page-templates\/full-width.php","meta":{"footnotes":""},"class_list":["post-204","page","type-page","status-publish","hentry"],"_links":{"self":[{"href":"https:\/\/clairewermeille.ch\/index.php?rest_route=\/wp\/v2\/pages\/204","targetHints":{"allow":["GET"]}}],"collection":[{"href":"https:\/\/clairewermeille.ch\/index.php?rest_route=\/wp\/v2\/pages"}],"about":[{"href":"https:\/\/clairewermeille.ch\/index.php?rest_route=\/wp\/v2\/types\/page"}],"author":[{"embeddable":true,"href":"https:\/\/clairewermeille.ch\/index.php?rest_route=\/wp\/v2\/users\/1"}],"replies":[{"embeddable":true,"href":"https:\/\/clairewermeille.ch\/index.php?rest_route=%2Fwp%2Fv2%2Fcomments&post=204"}],"version-history":[{"count":12,"href":"https:\/\/clairewermeille.ch\/index.php?rest_route=\/wp\/v2\/pages\/204\/revisions"}],"predecessor-version":[{"id":491,"href":"https:\/\/clairewermeille.ch\/index.php?rest_route=\/wp\/v2\/pages\/204\/revisions\/491"}],"wp:attachment":[{"href":"https:\/\/clairewermeille.ch\/index.php?rest_route=%2Fwp%2Fv2%2Fmedia&parent=204"}],"curies":[{"name":"wp","href":"https:\/\/api.w.org\/{rel}","templated":true}]}}