{"id":2,"date":"2016-05-10T03:48:21","date_gmt":"2016-05-10T03:48:21","guid":{"rendered":"http:\/\/clairewermeille.ch\/?page_id=2"},"modified":"2024-09-12T13:17:03","modified_gmt":"2024-09-12T13:17:03","slug":"sample-page","status":"publish","type":"page","link":"https:\/\/clairewermeille.ch\/?page_id=2","title":{"rendered":"Atelier"},"content":{"rendered":"\n<p><em>L&rsquo;art-th\u00e9rapie s&rsquo;adresse aux personnes avec ou sans connaissance artistique et picturale ant\u00e9rieure. D&rsquo;une s\u00e9ance \u00e0 l&rsquo;autre, je vous accompagnerai dans votre qu\u00eate avec authenticit\u00e9 pour vous offrir une \u00e9coute active et des ouvertures de compr\u00e9hension par diff\u00e9rentes approches artistiques.<\/em><\/p>\n\n\n\n<figure class=\"wp-block-gallery has-nested-images columns-default is-cropped wp-block-gallery-1 is-layout-flex wp-block-gallery-is-layout-flex\">\n<figure class=\"wp-block-image size-large is-style-default\"><img loading=\"lazy\" decoding=\"async\" width=\"640\" height=\"480\" data-id=\"536\" src=\"https:\/\/clairewermeille.ch\/wp-content\/uploads\/2024\/09\/IMG_1339-2.jpg\" alt=\"\" class=\"wp-image-536\" srcset=\"https:\/\/clairewermeille.ch\/wp-content\/uploads\/2024\/09\/IMG_1339-2.jpg 640w, https:\/\/clairewermeille.ch\/wp-content\/uploads\/2024\/09\/IMG_1339-2-300x225.jpg 300w, https:\/\/clairewermeille.ch\/wp-content\/uploads\/2024\/09\/IMG_1339-2-624x468.jpg 624w\" sizes=\"auto, (max-width: 640px) 100vw, 640px\" \/><\/figure>\n\n\n\n<figure class=\"wp-block-image size-large\"><img loading=\"lazy\" decoding=\"async\" width=\"640\" height=\"480\" data-id=\"533\" src=\"https:\/\/clairewermeille.ch\/wp-content\/uploads\/2024\/09\/IMG_1363.jpg\" alt=\"\" class=\"wp-image-533\" srcset=\"https:\/\/clairewermeille.ch\/wp-content\/uploads\/2024\/09\/IMG_1363.jpg 640w, https:\/\/clairewermeille.ch\/wp-content\/uploads\/2024\/09\/IMG_1363-300x225.jpg 300w, https:\/\/clairewermeille.ch\/wp-content\/uploads\/2024\/09\/IMG_1363-624x468.jpg 624w\" sizes=\"auto, (max-width: 640px) 100vw, 640px\" \/><\/figure>\n<\/figure>\n\n\n\n<div class=\"wp-block-media-text alignwide is-stacked-on-mobile\"><figure class=\"wp-block-media-text__media\"><img loading=\"lazy\" decoding=\"async\" width=\"640\" height=\"480\" src=\"https:\/\/clairewermeille.ch\/wp-content\/uploads\/2024\/09\/IMG_1555.jpg\" alt=\"\" class=\"wp-image-535 size-full\" srcset=\"https:\/\/clairewermeille.ch\/wp-content\/uploads\/2024\/09\/IMG_1555.jpg 640w, https:\/\/clairewermeille.ch\/wp-content\/uploads\/2024\/09\/IMG_1555-300x225.jpg 300w, https:\/\/clairewermeille.ch\/wp-content\/uploads\/2024\/09\/IMG_1555-624x468.jpg 624w\" sizes=\"auto, (max-width: 640px) 100vw, 640px\" \/><\/figure><div class=\"wp-block-media-text__content\">\n<h1 class=\"wp-block-heading has-text-color\" style=\"color:#0530f3\"><strong>Initiation \u00e0 l\u2019art du Kintsugi<\/strong><\/h1>\n\n\n\n<figure class=\"wp-block-table\"><table><tbody><tr><td><strong><em>Ce proc\u00e9d\u00e9 de restauration est un\u00a0art ancestral qui vient du japon\u00a0: r\u00e9parer de la c\u00e9ramique avec de la laque et des m\u00e9taux pr\u00e9cieux.\u00a0\u00a0Au lieu de cacher les cassures, on les remet en valeurs\u00a0; <\/em><\/strong><br>les cicatrices sont transform\u00e9es et l&rsquo;objet acquiert une valeur  plus pr\u00e9cieuse en sublimant les failles, les fractures. \u00ab\u00a0M\u00e9taphore de la r\u00e9silience\u00a0\u00bb le bol aujourd\u2019hui cass\u00e9 peut  devenir encore plus beau.<br><strong><em>Invitation \u00e0 appr\u00e9cier la beaut\u00e9 \u00e0 travers la nature imparfaite et \u00e9ph\u00e9m\u00e8re par la mise en valeur de la beaut\u00e9 des imperfections (comme dans la philosophie du wabi sabi<\/em><\/strong>.)<\/td><\/tr><\/tbody><\/table><\/figure>\n<\/div><\/div>\n\n\n<p><\/p>\n<p>\u00ab&nbsp; On ne d\u00e9couvre pas de terre nouvelle sans consentir perdre de vue, d\u2019abord et longtemps, tout rivage.&nbsp;\u00bb&nbsp;&nbsp;&nbsp;&nbsp; Andr\u00e9 Gide<\/p>\n<p><span style=\"color: #0000ff; font-size: 1.5rem;\">\u00ab&nbsp;L\u2019art est un m\u00e9diateur de l\u2019indicible&nbsp;\u00bb <\/span><\/p>\n<p>J.W.V. Goeth<\/p>\n<p><\/p>\n<p><img loading=\"lazy\" decoding=\"async\" class=\"size-medium wp-image-493 aligncenter\" src=\"http:\/\/clairewermeille.ch\/wp-content\/uploads\/2023\/11\/caillou-225x300.jpg\" alt=\"\" width=\"225\" height=\"300\" srcset=\"https:\/\/clairewermeille.ch\/wp-content\/uploads\/2023\/11\/caillou-225x300.jpg 225w, https:\/\/clairewermeille.ch\/wp-content\/uploads\/2023\/11\/caillou-624x832.jpg 624w, https:\/\/clairewermeille.ch\/wp-content\/uploads\/2023\/11\/caillou.jpg 675w\" sizes=\"auto, (max-width: 225px) 100vw, 225px\" \/><\/p>\n\n\t\t<style type=\"text\/css\">\n\t\t\t#gallery-1 {\n\t\t\t\tmargin: auto;\n\t\t\t}\n\t\t\t#gallery-1 .gallery-item {\n\t\t\t\tfloat: left;\n\t\t\t\tmargin-top: 10px;\n\t\t\t\ttext-align: center;\n\t\t\t\twidth: 33%;\n\t\t\t}\n\t\t\t#gallery-1 img {\n\t\t\t\tborder: 2px solid #cfcfcf;\n\t\t\t}\n\t\t\t#gallery-1 .gallery-caption {\n\t\t\t\tmargin-left: 0;\n\t\t\t}\n\t\t\t\/* see gallery_shortcode() in wp-includes\/media.php *\/\n\t\t<\/style>\n\t\t<div id='gallery-1' class='gallery galleryid-2 gallery-columns-3 gallery-size-thumbnail'><dl class='gallery-item'>\n\t\t\t<dt class='gallery-icon portrait'>\n\t\t\t\t<a href='https:\/\/clairewermeille.ch\/?attachment_id=523'><img loading=\"lazy\" decoding=\"async\" width=\"150\" height=\"150\" src=\"https:\/\/clairewermeille.ch\/wp-content\/uploads\/2024\/02\/IMG_7365-1-150x150.jpg\" class=\"attachment-thumbnail size-thumbnail\" alt=\"\" \/><\/a>\n\t\t\t<\/dt><\/dl><dl class='gallery-item'>\n\t\t\t<dt class='gallery-icon landscape'>\n\t\t\t\t<a href='https:\/\/clairewermeille.ch\/?attachment_id=521'><img loading=\"lazy\" decoding=\"async\" width=\"150\" height=\"150\" src=\"https:\/\/clairewermeille.ch\/wp-content\/uploads\/2024\/02\/IMG_6904-1-150x150.jpg\" class=\"attachment-thumbnail size-thumbnail\" alt=\"\" \/><\/a>\n\t\t\t<\/dt><\/dl><dl class='gallery-item'>\n\t\t\t<dt class='gallery-icon portrait'>\n\t\t\t\t<a href='https:\/\/clairewermeille.ch\/?attachment_id=522'><img loading=\"lazy\" decoding=\"async\" width=\"150\" height=\"150\" src=\"https:\/\/clairewermeille.ch\/wp-content\/uploads\/2024\/02\/IMG_6958-1-150x150.jpg\" class=\"attachment-thumbnail size-thumbnail\" alt=\"\" \/><\/a>\n\t\t\t<\/dt><\/dl><br style=\"clear: both\" \/><dl class='gallery-item'>\n\t\t\t<dt class='gallery-icon portrait'>\n\t\t\t\t<a href='https:\/\/clairewermeille.ch\/?attachment_id=496'><img loading=\"lazy\" decoding=\"async\" width=\"150\" height=\"150\" src=\"https:\/\/clairewermeille.ch\/wp-content\/uploads\/2023\/11\/AOUT-020-2-150x150.jpg\" class=\"attachment-thumbnail size-thumbnail\" alt=\"\" \/><\/a>\n\t\t\t<\/dt><\/dl><dl class='gallery-item'>\n\t\t\t<dt class='gallery-icon portrait'>\n\t\t\t\t<a href='https:\/\/clairewermeille.ch\/?attachment_id=494'><img loading=\"lazy\" decoding=\"async\" width=\"150\" height=\"150\" src=\"https:\/\/clairewermeille.ch\/wp-content\/uploads\/2023\/11\/landart-150x150.jpg\" class=\"attachment-thumbnail size-thumbnail\" alt=\"\" \/><\/a>\n\t\t\t<\/dt><\/dl><dl class='gallery-item'>\n\t\t\t<dt class='gallery-icon landscape'>\n\t\t\t\t<a href='https:\/\/clairewermeille.ch\/?attachment_id=505'><img loading=\"lazy\" decoding=\"async\" width=\"150\" height=\"150\" src=\"https:\/\/clairewermeille.ch\/wp-content\/uploads\/2024\/01\/IMG_5146-2-150x150.jpg\" class=\"attachment-thumbnail size-thumbnail\" alt=\"\" \/><\/a>\n\t\t\t<\/dt><\/dl><br style=\"clear: both\" \/><dl class='gallery-item'>\n\t\t\t<dt class='gallery-icon portrait'>\n\t\t\t\t<a href='https:\/\/clairewermeille.ch\/?attachment_id=517'><img loading=\"lazy\" decoding=\"async\" width=\"150\" height=\"150\" src=\"https:\/\/clairewermeille.ch\/wp-content\/uploads\/2024\/02\/IMG_0017-2-150x150.jpg\" class=\"attachment-thumbnail size-thumbnail\" alt=\"\" \/><\/a>\n\t\t\t<\/dt><\/dl><dl class='gallery-item'>\n\t\t\t<dt class='gallery-icon portrait'>\n\t\t\t\t<a href='https:\/\/clairewermeille.ch\/?attachment_id=519'><img loading=\"lazy\" decoding=\"async\" width=\"150\" height=\"150\" src=\"https:\/\/clairewermeille.ch\/wp-content\/uploads\/2024\/02\/IMG_6508-1-150x150.jpg\" class=\"attachment-thumbnail size-thumbnail\" alt=\"\" \/><\/a>\n\t\t\t<\/dt><\/dl><dl class='gallery-item'>\n\t\t\t<dt class='gallery-icon portrait'>\n\t\t\t\t<a href='https:\/\/clairewermeille.ch\/?attachment_id=520'><img loading=\"lazy\" decoding=\"async\" width=\"150\" height=\"150\" src=\"https:\/\/clairewermeille.ch\/wp-content\/uploads\/2024\/02\/IMG_6524-1-150x150.jpg\" class=\"attachment-thumbnail size-thumbnail\" alt=\"\" \/><\/a>\n\t\t\t<\/dt><\/dl><br style=\"clear: both\" \/>\n\t\t<\/div>\n\n\n\t\t<style type=\"text\/css\">\n\t\t\t#gallery-2 {\n\t\t\t\tmargin: auto;\n\t\t\t}\n\t\t\t#gallery-2 .gallery-item {\n\t\t\t\tfloat: left;\n\t\t\t\tmargin-top: 10px;\n\t\t\t\ttext-align: center;\n\t\t\t\twidth: 33%;\n\t\t\t}\n\t\t\t#gallery-2 img {\n\t\t\t\tborder: 2px solid #cfcfcf;\n\t\t\t}\n\t\t\t#gallery-2 .gallery-caption {\n\t\t\t\tmargin-left: 0;\n\t\t\t}\n\t\t\t\/* see gallery_shortcode() in wp-includes\/media.php *\/\n\t\t<\/style>\n\t\t<div id='gallery-2' class='gallery galleryid-2 gallery-columns-3 gallery-size-thumbnail'><dl class='gallery-item'>\n\t\t\t<dt class='gallery-icon landscape'>\n\t\t\t\t<a href='https:\/\/clairewermeille.ch\/?attachment_id=457'><img loading=\"lazy\" decoding=\"async\" width=\"150\" height=\"150\" src=\"https:\/\/clairewermeille.ch\/wp-content\/uploads\/2019\/09\/Wermeille-Art-th\u00e9rapie-calligraphie-150x150.jpg\" class=\"attachment-thumbnail size-thumbnail\" alt=\"\" \/><\/a>\n\t\t\t<\/dt><\/dl><dl class='gallery-item'>\n\t\t\t<dt class='gallery-icon landscape'>\n\t\t\t\t<a href='https:\/\/clairewermeille.ch\/?attachment_id=463'><img loading=\"lazy\" decoding=\"async\" width=\"150\" height=\"150\" src=\"https:\/\/clairewermeille.ch\/wp-content\/uploads\/2019\/09\/Wermeille-Art-th\u00e9rapie-peinture-calligraphie-150x150.jpg\" class=\"attachment-thumbnail size-thumbnail\" alt=\"\" \/><\/a>\n\t\t\t<\/dt><\/dl><dl class='gallery-item'>\n\t\t\t<dt class='gallery-icon landscape'>\n\t\t\t\t<a href='https:\/\/clairewermeille.ch\/?attachment_id=466'><img loading=\"lazy\" decoding=\"async\" width=\"150\" height=\"150\" src=\"https:\/\/clairewermeille.ch\/wp-content\/uploads\/2019\/09\/Wermeille-Art-th\u00e9rapie-peinture-150x150.jpg\" class=\"attachment-thumbnail size-thumbnail\" alt=\"\" \/><\/a>\n\t\t\t<\/dt><\/dl><br style=\"clear: both\" \/><dl class='gallery-item'>\n\t\t\t<dt class='gallery-icon landscape'>\n\t\t\t\t<a href='https:\/\/clairewermeille.ch\/?attachment_id=464'><img loading=\"lazy\" decoding=\"async\" width=\"150\" height=\"150\" src=\"https:\/\/clairewermeille.ch\/wp-content\/uploads\/2019\/09\/Wermeille-Art-th\u00e9rapie-peinture-liquide-150x150.jpg\" class=\"attachment-thumbnail size-thumbnail\" alt=\"\" \/><\/a>\n\t\t\t<\/dt><\/dl><dl class='gallery-item'>\n\t\t\t<dt class='gallery-icon portrait'>\n\t\t\t\t<a href='https:\/\/clairewermeille.ch\/?attachment_id=458'><img loading=\"lazy\" decoding=\"async\" width=\"150\" height=\"150\" src=\"https:\/\/clairewermeille.ch\/wp-content\/uploads\/2019\/09\/Wermeille-Art-th\u00e9rapie-coeur-150x150.jpg\" class=\"attachment-thumbnail size-thumbnail\" alt=\"\" \/><\/a>\n\t\t\t<\/dt><\/dl><dl class='gallery-item'>\n\t\t\t<dt class='gallery-icon landscape'>\n\t\t\t\t<a href='https:\/\/clairewermeille.ch\/?attachment_id=462'><img loading=\"lazy\" decoding=\"async\" width=\"150\" height=\"150\" src=\"https:\/\/clairewermeille.ch\/wp-content\/uploads\/2019\/09\/Wermeille-Art-th\u00e9rapie-dessin-nb-150x150.jpg\" class=\"attachment-thumbnail size-thumbnail\" alt=\"\" \/><\/a>\n\t\t\t<\/dt><\/dl><br style=\"clear: both\" \/><dl class='gallery-item'>\n\t\t\t<dt class='gallery-icon portrait'>\n\t\t\t\t<a href='https:\/\/clairewermeille.ch\/?attachment_id=460'><img loading=\"lazy\" decoding=\"async\" width=\"150\" height=\"150\" src=\"https:\/\/clairewermeille.ch\/wp-content\/uploads\/2019\/09\/Wermeille-Art-th\u00e9rapie-collage-150x150.jpg\" class=\"attachment-thumbnail size-thumbnail\" alt=\"\" \/><\/a>\n\t\t\t<\/dt><\/dl><dl class='gallery-item'>\n\t\t\t<dt class='gallery-icon landscape'>\n\t\t\t\t<a href='https:\/\/clairewermeille.ch\/?attachment_id=459'><img loading=\"lazy\" decoding=\"async\" width=\"150\" height=\"150\" src=\"https:\/\/clairewermeille.ch\/wp-content\/uploads\/2019\/09\/Wermeille-Art-th\u00e9rapie-collage-tryptique-150x150.jpg\" class=\"attachment-thumbnail size-thumbnail\" alt=\"\" \/><\/a>\n\t\t\t<\/dt><\/dl><dl class='gallery-item'>\n\t\t\t<dt class='gallery-icon landscape'>\n\t\t\t\t<a href='https:\/\/clairewermeille.ch\/?attachment_id=461'><img loading=\"lazy\" decoding=\"async\" width=\"150\" height=\"150\" src=\"https:\/\/clairewermeille.ch\/wp-content\/uploads\/2019\/09\/Wermeille-Art-th\u00e9rapie-collage1-150x150.jpg\" class=\"attachment-thumbnail size-thumbnail\" alt=\"\" \/><\/a>\n\t\t\t<\/dt><\/dl><br style=\"clear: both\" \/>\n\t\t<\/div>\n\n\n\t\t<style type=\"text\/css\">\n\t\t\t#gallery-3 {\n\t\t\t\tmargin: auto;\n\t\t\t}\n\t\t\t#gallery-3 .gallery-item {\n\t\t\t\tfloat: left;\n\t\t\t\tmargin-top: 10px;\n\t\t\t\ttext-align: center;\n\t\t\t\twidth: 33%;\n\t\t\t}\n\t\t\t#gallery-3 img {\n\t\t\t\tborder: 2px solid #cfcfcf;\n\t\t\t}\n\t\t\t#gallery-3 .gallery-caption {\n\t\t\t\tmargin-left: 0;\n\t\t\t}\n\t\t\t\/* see gallery_shortcode() in wp-includes\/media.php *\/\n\t\t<\/style>\n\t\t<div id='gallery-3' class='gallery galleryid-2 gallery-columns-3 gallery-size-thumbnail'><dl class='gallery-item'>\n\t\t\t<dt class='gallery-icon landscape'>\n\t\t\t\t<a href='https:\/\/clairewermeille.ch\/?attachment_id=365'><img loading=\"lazy\" decoding=\"async\" width=\"150\" height=\"150\" src=\"https:\/\/clairewermeille.ch\/wp-content\/uploads\/2018\/05\/Wermeille-Art-th\u00e9rapie-espace-int\u00e9rieur-1-150x150.jpg\" class=\"attachment-thumbnail size-thumbnail\" alt=\"\" \/><\/a>\n\t\t\t<\/dt><\/dl><dl class='gallery-item'>\n\t\t\t<dt class='gallery-icon landscape'>\n\t\t\t\t<a href='https:\/\/clairewermeille.ch\/?attachment_id=364'><img loading=\"lazy\" decoding=\"async\" width=\"150\" height=\"150\" src=\"https:\/\/clairewermeille.ch\/wp-content\/uploads\/2018\/05\/Wermeille-Art-th\u00e9rapie-espace-int\u00e9rieur-2-150x150.jpg\" class=\"attachment-thumbnail size-thumbnail\" alt=\"\" \/><\/a>\n\t\t\t<\/dt><\/dl><dl class='gallery-item'>\n\t\t\t<dt class='gallery-icon landscape'>\n\t\t\t\t<a href='https:\/\/clairewermeille.ch\/?attachment_id=363'><img loading=\"lazy\" decoding=\"async\" width=\"150\" height=\"150\" src=\"https:\/\/clairewermeille.ch\/wp-content\/uploads\/2018\/05\/Wermeille-Art-th\u00e9rapie-espace-int\u00e9rieur-3-150x150.jpg\" class=\"attachment-thumbnail size-thumbnail\" alt=\"\" \/><\/a>\n\t\t\t<\/dt><\/dl><br style=\"clear: both\" \/><dl class='gallery-item'>\n\t\t\t<dt class='gallery-icon portrait'>\n\t\t\t\t<a href='https:\/\/clairewermeille.ch\/?attachment_id=362'><img loading=\"lazy\" decoding=\"async\" width=\"150\" height=\"150\" src=\"https:\/\/clairewermeille.ch\/wp-content\/uploads\/2018\/05\/Wermeille-Art-th\u00e9rapie-espace-int\u00e9rieur-4-150x150.jpg\" class=\"attachment-thumbnail size-thumbnail\" alt=\"\" \/><\/a>\n\t\t\t<\/dt><\/dl><dl class='gallery-item'>\n\t\t\t<dt class='gallery-icon portrait'>\n\t\t\t\t<a href='https:\/\/clairewermeille.ch\/?attachment_id=361'><img loading=\"lazy\" decoding=\"async\" width=\"150\" height=\"150\" src=\"https:\/\/clairewermeille.ch\/wp-content\/uploads\/2018\/05\/Wermeille-Art-th\u00e9rapie-f\u00e9vrier-150x150.jpg\" class=\"attachment-thumbnail size-thumbnail\" alt=\"\" \/><\/a>\n\t\t\t<\/dt><\/dl><dl class='gallery-item'>\n\t\t\t<dt class='gallery-icon landscape'>\n\t\t\t\t<a href='https:\/\/clairewermeille.ch\/?attachment_id=367'><img loading=\"lazy\" decoding=\"async\" width=\"150\" height=\"150\" src=\"https:\/\/clairewermeille.ch\/wp-content\/uploads\/2018\/05\/Wermeille-Art-th\u00e9rapie-collage-150x150.jpg\" class=\"attachment-thumbnail size-thumbnail\" alt=\"\" \/><\/a>\n\t\t\t<\/dt><\/dl><br style=\"clear: both\" \/><dl class='gallery-item'>\n\t\t\t<dt class='gallery-icon landscape'>\n\t\t\t\t<a href='https:\/\/clairewermeille.ch\/?attachment_id=354'><img loading=\"lazy\" decoding=\"async\" width=\"150\" height=\"150\" src=\"https:\/\/clairewermeille.ch\/wp-content\/uploads\/2018\/05\/Wermeille-Ergoth\u00e9rapie-reli\u00e9-150x150.jpg\" class=\"attachment-thumbnail size-thumbnail\" alt=\"\" \/><\/a>\n\t\t\t<\/dt><\/dl><dl class='gallery-item'>\n\t\t\t<dt class='gallery-icon portrait'>\n\t\t\t\t<a href='https:\/\/clairewermeille.ch\/?attachment_id=366'><img loading=\"lazy\" decoding=\"async\" width=\"150\" height=\"150\" src=\"https:\/\/clairewermeille.ch\/wp-content\/uploads\/2018\/05\/Wermeille-Art-th\u00e9rapie-douleur-150x150.jpg\" class=\"attachment-thumbnail size-thumbnail\" alt=\"\" \/><\/a>\n\t\t\t<\/dt><\/dl><dl class='gallery-item'>\n\t\t\t<dt class='gallery-icon landscape'>\n\t\t\t\t<a href='https:\/\/clairewermeille.ch\/?attachment_id=359'><img loading=\"lazy\" decoding=\"async\" width=\"150\" height=\"150\" src=\"https:\/\/clairewermeille.ch\/wp-content\/uploads\/2018\/05\/Wermeille-Ergoth\u00e9rapie-fibres-150x150.jpg\" class=\"attachment-thumbnail size-thumbnail\" alt=\"\" srcset=\"https:\/\/clairewermeille.ch\/wp-content\/uploads\/2018\/05\/Wermeille-Ergoth\u00e9rapie-fibres-150x150.jpg 150w, https:\/\/clairewermeille.ch\/wp-content\/uploads\/2018\/05\/Wermeille-Ergoth\u00e9rapie-fibres-300x300.jpg 300w, https:\/\/clairewermeille.ch\/wp-content\/uploads\/2018\/05\/Wermeille-Ergoth\u00e9rapie-fibres-768x768.jpg 768w, https:\/\/clairewermeille.ch\/wp-content\/uploads\/2018\/05\/Wermeille-Ergoth\u00e9rapie-fibres-624x624.jpg 624w, https:\/\/clairewermeille.ch\/wp-content\/uploads\/2018\/05\/Wermeille-Ergoth\u00e9rapie-fibres.jpg 960w\" sizes=\"auto, (max-width: 150px) 100vw, 150px\" \/><\/a>\n\t\t\t<\/dt><\/dl><br style=\"clear: both\" \/><dl class='gallery-item'>\n\t\t\t<dt class='gallery-icon landscape'>\n\t\t\t\t<a href='https:\/\/clairewermeille.ch\/?attachment_id=360'><img loading=\"lazy\" decoding=\"async\" width=\"150\" height=\"150\" src=\"https:\/\/clairewermeille.ch\/wp-content\/uploads\/2018\/05\/Wermeille-Art-th\u00e9rapie-150x150.jpg\" class=\"attachment-thumbnail size-thumbnail\" alt=\"\" srcset=\"https:\/\/clairewermeille.ch\/wp-content\/uploads\/2018\/05\/Wermeille-Art-th\u00e9rapie-150x150.jpg 150w, https:\/\/clairewermeille.ch\/wp-content\/uploads\/2018\/05\/Wermeille-Art-th\u00e9rapie-300x300.jpg 300w, https:\/\/clairewermeille.ch\/wp-content\/uploads\/2018\/05\/Wermeille-Art-th\u00e9rapie-768x768.jpg 768w, https:\/\/clairewermeille.ch\/wp-content\/uploads\/2018\/05\/Wermeille-Art-th\u00e9rapie-624x624.jpg 624w, https:\/\/clairewermeille.ch\/wp-content\/uploads\/2018\/05\/Wermeille-Art-th\u00e9rapie.jpg 960w\" sizes=\"auto, (max-width: 150px) 100vw, 150px\" \/><\/a>\n\t\t\t<\/dt><\/dl><dl class='gallery-item'>\n\t\t\t<dt class='gallery-icon landscape'>\n\t\t\t\t<a href='https:\/\/clairewermeille.ch\/?attachment_id=356'><img loading=\"lazy\" decoding=\"async\" width=\"150\" height=\"150\" src=\"https:\/\/clairewermeille.ch\/wp-content\/uploads\/2018\/05\/Wermeille-Ergoth\u00e9rapie-mosa\u00efque-150x150.jpg\" class=\"attachment-thumbnail size-thumbnail\" alt=\"\" srcset=\"https:\/\/clairewermeille.ch\/wp-content\/uploads\/2018\/05\/Wermeille-Ergoth\u00e9rapie-mosa\u00efque-150x150.jpg 150w, https:\/\/clairewermeille.ch\/wp-content\/uploads\/2018\/05\/Wermeille-Ergoth\u00e9rapie-mosa\u00efque-300x300.jpg 300w, https:\/\/clairewermeille.ch\/wp-content\/uploads\/2018\/05\/Wermeille-Ergoth\u00e9rapie-mosa\u00efque-768x768.jpg 768w, https:\/\/clairewermeille.ch\/wp-content\/uploads\/2018\/05\/Wermeille-Ergoth\u00e9rapie-mosa\u00efque-624x624.jpg 624w, https:\/\/clairewermeille.ch\/wp-content\/uploads\/2018\/05\/Wermeille-Ergoth\u00e9rapie-mosa\u00efque.jpg 960w\" sizes=\"auto, (max-width: 150px) 100vw, 150px\" \/><\/a>\n\t\t\t<\/dt><\/dl><dl class='gallery-item'>\n\t\t\t<dt class='gallery-icon landscape'>\n\t\t\t\t<a href='https:\/\/clairewermeille.ch\/?attachment_id=357'><img loading=\"lazy\" decoding=\"async\" width=\"150\" height=\"150\" src=\"https:\/\/clairewermeille.ch\/wp-content\/uploads\/2018\/05\/Wermeille-Ergoth\u00e9rapie-modelage-150x150.jpg\" class=\"attachment-thumbnail size-thumbnail\" alt=\"\" \/><\/a>\n\t\t\t<\/dt><\/dl><br style=\"clear: both\" \/><dl class='gallery-item'>\n\t\t\t<dt class='gallery-icon landscape'>\n\t\t\t\t<a href='https:\/\/clairewermeille.ch\/?attachment_id=355'><img loading=\"lazy\" decoding=\"async\" width=\"150\" height=\"150\" src=\"https:\/\/clairewermeille.ch\/wp-content\/uploads\/2018\/05\/Wermeille-Ergoth\u00e9rapie-osier-150x150.jpg\" class=\"attachment-thumbnail size-thumbnail\" alt=\"\" srcset=\"https:\/\/clairewermeille.ch\/wp-content\/uploads\/2018\/05\/Wermeille-Ergoth\u00e9rapie-osier-150x150.jpg 150w, https:\/\/clairewermeille.ch\/wp-content\/uploads\/2018\/05\/Wermeille-Ergoth\u00e9rapie-osier-300x300.jpg 300w, https:\/\/clairewermeille.ch\/wp-content\/uploads\/2018\/05\/Wermeille-Ergoth\u00e9rapie-osier-768x768.jpg 768w, https:\/\/clairewermeille.ch\/wp-content\/uploads\/2018\/05\/Wermeille-Ergoth\u00e9rapie-osier-624x624.jpg 624w, https:\/\/clairewermeille.ch\/wp-content\/uploads\/2018\/05\/Wermeille-Ergoth\u00e9rapie-osier.jpg 960w\" sizes=\"auto, (max-width: 150px) 100vw, 150px\" \/><\/a>\n\t\t\t<\/dt><\/dl><dl class='gallery-item'>\n\t\t\t<dt class='gallery-icon landscape'>\n\t\t\t\t<a href='https:\/\/clairewermeille.ch\/?attachment_id=418'><img loading=\"lazy\" decoding=\"async\" width=\"150\" height=\"150\" src=\"https:\/\/clairewermeille.ch\/wp-content\/uploads\/2018\/06\/Wermeille-art-th\u00e9rapie-bleu-150x150.jpg\" class=\"attachment-thumbnail size-thumbnail\" alt=\"\" \/><\/a>\n\t\t\t<\/dt><\/dl>\n\t\t\t<br style='clear: both' \/>\n\t\t<\/div>\n\n<h3><em><strong>Pont entre l&rsquo;int\u00e9rieur et l&rsquo;ext\u00e9rieur, l&rsquo;\u00e9lan vital et le repli, le lien et la fermeture, l&rsquo;impression et l&rsquo;expression, le silence et les mots.<\/strong><\/em><\/h3>","protected":false},"excerpt":{"rendered":"<p>L&rsquo;art-th\u00e9rapie s&rsquo;adresse aux personnes avec ou sans connaissance artistique et picturale ant\u00e9rieure. D&rsquo;une s\u00e9ance \u00e0 l&rsquo;autre, je vous accompagnerai dans votre qu\u00eate avec authenticit\u00e9 pour vous offrir une \u00e9coute active et des ouvertures de compr\u00e9hension par diff\u00e9rentes approches artistiques. Initiation \u00e0 l\u2019art du Kintsugi Ce proc\u00e9d\u00e9 de restauration est un\u00a0art ancestral qui vient du japon\u00a0: [&hellip;]<\/p>\n","protected":false},"author":1,"featured_media":0,"parent":0,"menu_order":5,"comment_status":"closed","ping_status":"closed","template":"page-templates\/full-width.php","meta":{"footnotes":""},"class_list":["post-2","page","type-page","status-publish","hentry"],"_links":{"self":[{"href":"https:\/\/clairewermeille.ch\/index.php?rest_route=\/wp\/v2\/pages\/2","targetHints":{"allow":["GET"]}}],"collection":[{"href":"https:\/\/clairewermeille.ch\/index.php?rest_route=\/wp\/v2\/pages"}],"about":[{"href":"https:\/\/clairewermeille.ch\/index.php?rest_route=\/wp\/v2\/types\/page"}],"author":[{"embeddable":true,"href":"https:\/\/clairewermeille.ch\/index.php?rest_route=\/wp\/v2\/users\/1"}],"replies":[{"embeddable":true,"href":"https:\/\/clairewermeille.ch\/index.php?rest_route=%2Fwp%2Fv2%2Fcomments&post=2"}],"version-history":[{"count":52,"href":"https:\/\/clairewermeille.ch\/index.php?rest_route=\/wp\/v2\/pages\/2\/revisions"}],"predecessor-version":[{"id":557,"href":"https:\/\/clairewermeille.ch\/index.php?rest_route=\/wp\/v2\/pages\/2\/revisions\/557"}],"wp:attachment":[{"href":"https:\/\/clairewermeille.ch\/index.php?rest_route=%2Fwp%2Fv2%2Fmedia&parent=2"}],"curies":[{"name":"wp","href":"https:\/\/api.w.org\/{rel}","templated":true}]}}