{"id":165,"date":"2018-02-06T17:55:35","date_gmt":"2018-02-06T17:55:35","guid":{"rendered":"http:\/\/clairewermeille.ch\/?page_id=165"},"modified":"2020-11-16T13:03:48","modified_gmt":"2020-11-16T13:03:48","slug":"contact","status":"publish","type":"page","link":"https:\/\/clairewermeille.ch\/?page_id=165","title":{"rendered":"Contact"},"content":{"rendered":"<p style=\"padding-left: 30px;\"><img loading=\"lazy\" decoding=\"async\" class=\"wp-image-368 alignleft\" src=\"http:\/\/clairewermeille.ch\/wp-content\/uploads\/2018\/05\/Wermeill-Ergoth\u00e9rapie-logo-150x150.jpg\" alt=\"\" width=\"56\" height=\"56\" srcset=\"https:\/\/clairewermeille.ch\/wp-content\/uploads\/2018\/05\/Wermeill-Ergoth\u00e9rapie-logo-150x150.jpg 150w, https:\/\/clairewermeille.ch\/wp-content\/uploads\/2018\/05\/Wermeill-Ergoth\u00e9rapie-logo-294x300.jpg 294w, https:\/\/clairewermeille.ch\/wp-content\/uploads\/2018\/05\/Wermeill-Ergoth\u00e9rapie-logo.jpg 423w\" sizes=\"auto, (max-width: 56px) 100vw, 56px\" \/>Claire Wermeille \u00a0 \u00a0 \u00a0 \u00a0 \u00a0 \u00a0 \u00a0 \u00a0 \u00a0 \u00a0 \u00a0 \u00a0 \u00a0 \u00a0 \u00a0 \u00a0 \u00a0 \u00a0 Atelier ergo-art-th\u00e9rapie<\/p>\n<p style=\"padding-left: 30px;\">Rue du Parc 35<\/p>\n<p style=\"padding-left: 30px;\">\u00a0 \u00a0 \u00a0 \u00a0 \u00a0 \u00a0 \u00a0 \u00a0 \u00a0 \u00a0 \u00a02300 La Chaux-de-Fonds \u00a0 \u00a0 \u00a0 \u00a0 \u00a0 \u00a0 \u00a0 \u00a0 \u00a0 \u00a0 \u00a0<\/p>\n<p style=\"padding-left: 30px;\">\u00a0 \u00a0 \u00a0 \u00a0 \u00a0 \u00a0 \u00a0 \u00a0 \u00a0 \u00a0 \u00a0c.wermeille@bluewin.ch \u00a0 \u00a0 \u00a0 \u00a0 \u00a0 \u00a0 \u00a0 \u00a0 \u00a0 \u00a0 \u00a0 \u00a0<\/p>\n<p style=\"padding-left: 30px;\">\u00a0 \u00a0 \u00a0 \u00a0 \u00a0 \u00a0 \u00a0 \u00a0 \u00a0 \u00a0 <a href=\"mailto:claire.wermeille@evs-hin.ch\">wermeille@evs-hin.ch<\/a>\u00a0 \u00a0 \u00a0 \u00a0 \u00a0 \u00a0 \u00a0 \u00a0 \u00a0 \u00a0 \u00a0 \u00a0 \u00a0 \u00a0 Tel: 079 682 25 55<\/p>\n<pre>Merci de prendre rendez-vous\n\n<i class=\"fa fa-arrow-right\"><\/i>\u00a0\u00a0&gt;\u00a0par <strong>t\u00e9l\u00e9phone<\/strong><em>, pensez \u00e0 laisser vos coordonn\u00e9es sur le r\u00e9pondeur, <\/em>\n\n<i class=\"fa fa-arrow-right\"><\/i>\u00a0\u00a0&gt;\u00a0par <strong>e-mail<\/strong>,\n<\/pre>\n<p>\u00a0<\/p>\n<p>Liens internet<\/p>\n<p>ASE:<a href=\"http:\/\/www.ergotherapie.ch\" target=\"_blank\" rel=\"noopener noreferrer\"> http:\/\/www.ergotherapie.ch<\/a><\/p>\n<p>APSAT:<a href=\"https:\/\/www.art-therapeute.ch\/\" target=\"_blank\" rel=\"noopener noreferrer\"> http.\/\/www.art-th\u00e9rapeute.ch\/<\/a><\/p>\n<p>ASCA: <a href=\"http:\/\/www.asca.ch\/Partners.aspx\" target=\"_blank\" rel=\"noopener noreferrer\">http:\/\/www.asca.ch\/Partners.aspx<\/a><\/p>\n\n\n<p><\/p>\n","protected":false},"excerpt":{"rendered":"<p>Claire Wermeille \u00a0 \u00a0 \u00a0 \u00a0 \u00a0 \u00a0 \u00a0 \u00a0 \u00a0 \u00a0 \u00a0 \u00a0 \u00a0 \u00a0 \u00a0 \u00a0 \u00a0 \u00a0 Atelier ergo-art-th\u00e9rapie Rue du Parc 35 \u00a0 \u00a0 \u00a0 \u00a0 \u00a0 \u00a0 \u00a0 \u00a0 \u00a0 \u00a0 \u00a02300 La Chaux-de-Fonds \u00a0 \u00a0 \u00a0 \u00a0 \u00a0 \u00a0 \u00a0 \u00a0 \u00a0 \u00a0 \u00a0 \u00a0 \u00a0 \u00a0 \u00a0 \u00a0 [&hellip;]<\/p>\n","protected":false},"author":1,"featured_media":0,"parent":0,"menu_order":8,"comment_status":"closed","ping_status":"closed","template":"page-templates\/full-width.php","meta":{"footnotes":""},"class_list":["post-165","page","type-page","status-publish","hentry"],"_links":{"self":[{"href":"https:\/\/clairewermeille.ch\/index.php?rest_route=\/wp\/v2\/pages\/165","targetHints":{"allow":["GET"]}}],"collection":[{"href":"https:\/\/clairewermeille.ch\/index.php?rest_route=\/wp\/v2\/pages"}],"about":[{"href":"https:\/\/clairewermeille.ch\/index.php?rest_route=\/wp\/v2\/types\/page"}],"author":[{"embeddable":true,"href":"https:\/\/clairewermeille.ch\/index.php?rest_route=\/wp\/v2\/users\/1"}],"replies":[{"embeddable":true,"href":"https:\/\/clairewermeille.ch\/index.php?rest_route=%2Fwp%2Fv2%2Fcomments&post=165"}],"version-history":[{"count":40,"href":"https:\/\/clairewermeille.ch\/index.php?rest_route=\/wp\/v2\/pages\/165\/revisions"}],"predecessor-version":[{"id":487,"href":"https:\/\/clairewermeille.ch\/index.php?rest_route=\/wp\/v2\/pages\/165\/revisions\/487"}],"wp:attachment":[{"href":"https:\/\/clairewermeille.ch\/index.php?rest_route=%2Fwp%2Fv2%2Fmedia&parent=165"}],"curies":[{"name":"wp","href":"https:\/\/api.w.org\/{rel}","templated":true}]}}