{"id":153,"date":"2018-02-06T17:18:40","date_gmt":"2018-02-06T17:18:40","guid":{"rendered":"http:\/\/clairewermeille.ch\/?page_id=153"},"modified":"2020-06-14T17:37:41","modified_gmt":"2020-06-14T17:37:41","slug":"tarifs","status":"publish","type":"page","link":"https:\/\/clairewermeille.ch\/?page_id=153","title":{"rendered":"Tarifs"},"content":{"rendered":"<h4>ART-TH\u00c9RAPIE<\/h4>\n<p><strong>S\u00e9ance individuelle<br \/>\n<\/strong>Adulte\u2009: 120.-\u2009\/\u2009heure<br \/>\nEnfant, \u00e9tudiant,\u00a0AVS, AI, ch\u00f4meur\u2009\u2009: 90.-\u2009\/\u2009heure<br \/>\n<strong>Groupe\u00a0(3 \u00e0 4 participants)<br \/>\n<\/strong>Adulte\u2009: \u00a0 45.-\u2009\/\u2009heure<br \/>\nEnfant, \u00e9tudiant,AVS, AI, ch\u00f4meur\u2009: 35.-\u2009\/\u2009heure<\/p>\n<p><strong>Financement \u00a0agr\u00e9\u00e9 ASCA<\/strong><\/p>\n<p>Apr\u00e8s une discussion pr\u00e9alable, les pr\u00e9occupations et les souhaits sont clarifi\u00e9s.\u00a0Une discussion pr\u00e9alable de 60 minutes coute 120.-<\/p>\n<hr \/>\n<p><a href=\"http:\/\/clairewermeille.ch\/wp-content\/uploads\/2019\/03\/Ordonnance_pour_l_ergotherapie_2019.pdf\">Ordonnance_pour_l_ergotherapie_2020<\/a><\/p>\n<h4>ERGOTH\u00c9RAPIE<\/h4>\n<p><strong>S\u00e9ance individuelle<br \/>\n<\/strong><\/p>\n<p><strong>Groupe\u00a0(3 \u00e0 4 participants)<\/strong><\/p>\n<p>S\u00e9ances rembours\u00e9es par l\u2019assurance maladie de base la LaMal, l\u2019assurance accident ou l\u2019assurance invalidit\u00e9, \u00e0 condition qu&rsquo;elles soient prescrites par un m\u00e9decin. \u00a0Les prescriptions se font de 1 \u00e0 9 s\u00e9ances, renouvelables.<\/p>\n<p>Frais de mat\u00e9riel et activit\u00e9 incluses dans le prix des s\u00e9ances<\/p>\n<p><strong>\u00a0<\/strong><\/p>\n","protected":false},"excerpt":{"rendered":"<p>ART-TH\u00c9RAPIE S\u00e9ance individuelle Adulte\u2009: 120.-\u2009\/\u2009heure Enfant, \u00e9tudiant,\u00a0AVS, AI, ch\u00f4meur\u2009\u2009: 90.-\u2009\/\u2009heure Groupe\u00a0(3 \u00e0 4 participants) Adulte\u2009: \u00a0 45.-\u2009\/\u2009heure Enfant, \u00e9tudiant,AVS, AI, ch\u00f4meur\u2009: 35.-\u2009\/\u2009heure Financement \u00a0agr\u00e9\u00e9 ASCA Apr\u00e8s une discussion pr\u00e9alable, les pr\u00e9occupations et les souhaits sont clarifi\u00e9s.\u00a0Une discussion pr\u00e9alable de 60 minutes coute 120.- Ordonnance_pour_l_ergotherapie_2020 ERGOTH\u00c9RAPIE S\u00e9ance individuelle Groupe\u00a0(3 \u00e0 4 participants) S\u00e9ances rembours\u00e9es par l\u2019assurance [&hellip;]<\/p>\n","protected":false},"author":1,"featured_media":0,"parent":0,"menu_order":6,"comment_status":"closed","ping_status":"closed","template":"page-templates\/full-width.php","meta":{"footnotes":""},"class_list":["post-153","page","type-page","status-publish","hentry"],"_links":{"self":[{"href":"https:\/\/clairewermeille.ch\/index.php?rest_route=\/wp\/v2\/pages\/153","targetHints":{"allow":["GET"]}}],"collection":[{"href":"https:\/\/clairewermeille.ch\/index.php?rest_route=\/wp\/v2\/pages"}],"about":[{"href":"https:\/\/clairewermeille.ch\/index.php?rest_route=\/wp\/v2\/types\/page"}],"author":[{"embeddable":true,"href":"https:\/\/clairewermeille.ch\/index.php?rest_route=\/wp\/v2\/users\/1"}],"replies":[{"embeddable":true,"href":"https:\/\/clairewermeille.ch\/index.php?rest_route=%2Fwp%2Fv2%2Fcomments&post=153"}],"version-history":[{"count":16,"href":"https:\/\/clairewermeille.ch\/index.php?rest_route=\/wp\/v2\/pages\/153\/revisions"}],"predecessor-version":[{"id":474,"href":"https:\/\/clairewermeille.ch\/index.php?rest_route=\/wp\/v2\/pages\/153\/revisions\/474"}],"wp:attachment":[{"href":"https:\/\/clairewermeille.ch\/index.php?rest_route=%2Fwp%2Fv2%2Fmedia&parent=153"}],"curies":[{"name":"wp","href":"https:\/\/api.w.org\/{rel}","templated":true}]}}