{"id":13,"date":"2018-02-04T15:11:11","date_gmt":"2018-02-04T15:11:11","guid":{"rendered":"http:\/\/clairewermeille.ch\/?page_id=13"},"modified":"2024-09-12T13:23:22","modified_gmt":"2024-09-12T13:23:22","slug":"claire-wermeille-2","status":"publish","type":"page","link":"https:\/\/clairewermeille.ch\/?page_id=13","title":{"rendered":"Portrait"},"content":{"rendered":"<p><strong>Formations<\/strong><\/p>\n<ul>\n<li>Attestation de supervision en art-th\u00e9rapie et m\u00e9diation artistique HES-SO\u00a0 (2023)<\/li>\n<li>Dipl\u00f4me art-th\u00e9rapeute HES-SO (2017)<\/li>\n<li>Dipl\u00f4me ergoth\u00e9rapeute HES-SO \u00a0(2007)<\/li>\n<li>Certificat en sant\u00e9 communautaire<\/li>\n<li>Certificat de praticienne formatrice<\/li>\n<\/ul>\n<p><strong>Exp\u00e9riences <\/strong><\/p>\n<ul>\n<li>Activit\u00e9 d\u2019art-ergo-th\u00e9rapie alliant conscience corporelle et processus d\u2019art-th\u00e9rapie pratique ind\u00e9pendante et h\u00f4pital de jour.<\/li>\n<li>Art-th\u00e9rapeute en formation depuis 2014, en stage dans le cadre d\u2019un atelier th\u00e9\u00e2tre avec des enfants polyhandicap\u00e9s, aupr\u00e8s de personnes \u00e2g\u00e9es, de personnes en souffrance psychique et somatique.<\/li>\n<li>Activit\u00e9 d\u2019ergoth\u00e9rapie \u00e0 long terme dans des institutions psychiatriques hospitali\u00e8res, ambulatoires et \u00e0 domicile.<\/li>\n<li>Nombreuses ann\u00e9es d\u2019exp\u00e9riences dans les soins aux personnes atteintes dans leur sant\u00e9 mentale et maladies psychiques aig\u00fces.<\/li>\n<li>Nombreuses ann\u00e9es d\u2019exp\u00e9riences dans les soins des personnes atteintes de maladies physiques.<\/li>\n<li>Engagement personnel avec cr\u00e9ations artisanales, m\u00e9diations artistiques, relaxation, mouvement, voix, yoga du son, m\u00e9ditation.<\/li>\n<\/ul>\n<p>Proche de la nature depuis l\u2019enfance, j\u2019y puise force et \u00e9merveillement. Mon exp\u00e9rience de la vie m\u2019a amen\u00e9 \u00e0 d\u00e9velopper une sensibilit\u00e9, le d\u00e9sir de comprendre l\u2019\u00e2me humaine et ce qui la d\u00e9passe. Aujourd\u2019hui je prends soin \u00e0 mon tour de personne en souffrance, de la dimension psychique en donnant de la place \u00e0 la conscience du corps, \u00e0 l&rsquo;importance du processus cr\u00e9atif et \u00e0 la transcendance.<\/p>\n<p>Dans une approche globale, ma pratique th\u00e9rapeutique r\u00e9pond \u00e0 la n\u00e9cessit\u00e9 de d\u00e9velopper ma propre vision des soins, la cr\u00e9ation fait partie de cet engagement. Offrir un espace bienveillant pour se reconnecter \u00e0 son int\u00e9riorit\u00e9, laisser \u00eatre le corps, dire sa pr\u00e9sence par le geste, le mouvement, la voix; am\u00e9liorer le lien \u00e0 soi, \u00a0\u00e0 l&rsquo;imaginaire, \u00e0 la libert\u00e9 de cr\u00e9er.<\/p>\n<h4><em>\u00ab\u00a0Ne te d\u00e9tourne pas. Ne cesse pas de regarder l&rsquo;endroit qu&rsquo;on a pans\u00e9. \u00a0C&rsquo;est par l\u00e0 que la lumi\u00e8re entre en toi.\u00a0\u00bb<\/em> R\u00dbM\u00ce<\/h4>\n","protected":false},"excerpt":{"rendered":"<p>Formations Attestation de supervision en art-th\u00e9rapie et m\u00e9diation artistique HES-SO\u00a0 (2023) Dipl\u00f4me art-th\u00e9rapeute HES-SO (2017) Dipl\u00f4me ergoth\u00e9rapeute HES-SO \u00a0(2007) Certificat en sant\u00e9 communautaire Certificat de praticienne formatrice Exp\u00e9riences Activit\u00e9 d\u2019art-ergo-th\u00e9rapie alliant conscience corporelle et processus d\u2019art-th\u00e9rapie pratique ind\u00e9pendante et h\u00f4pital de jour. Art-th\u00e9rapeute en formation depuis 2014, en stage dans le cadre d\u2019un atelier th\u00e9\u00e2tre [&hellip;]<\/p>\n","protected":false},"author":1,"featured_media":0,"parent":0,"menu_order":4,"comment_status":"closed","ping_status":"closed","template":"page-templates\/full-width.php","meta":{"footnotes":""},"class_list":["post-13","page","type-page","status-publish","hentry"],"_links":{"self":[{"href":"https:\/\/clairewermeille.ch\/index.php?rest_route=\/wp\/v2\/pages\/13","targetHints":{"allow":["GET"]}}],"collection":[{"href":"https:\/\/clairewermeille.ch\/index.php?rest_route=\/wp\/v2\/pages"}],"about":[{"href":"https:\/\/clairewermeille.ch\/index.php?rest_route=\/wp\/v2\/types\/page"}],"author":[{"embeddable":true,"href":"https:\/\/clairewermeille.ch\/index.php?rest_route=\/wp\/v2\/users\/1"}],"replies":[{"embeddable":true,"href":"https:\/\/clairewermeille.ch\/index.php?rest_route=%2Fwp%2Fv2%2Fcomments&post=13"}],"version-history":[{"count":30,"href":"https:\/\/clairewermeille.ch\/index.php?rest_route=\/wp\/v2\/pages\/13\/revisions"}],"predecessor-version":[{"id":559,"href":"https:\/\/clairewermeille.ch\/index.php?rest_route=\/wp\/v2\/pages\/13\/revisions\/559"}],"wp:attachment":[{"href":"https:\/\/clairewermeille.ch\/index.php?rest_route=%2Fwp%2Fv2%2Fmedia&parent=13"}],"curies":[{"name":"wp","href":"https:\/\/api.w.org\/{rel}","templated":true}]}}