{"id":117,"date":"2018-02-05T19:28:33","date_gmt":"2018-02-05T19:28:33","guid":{"rendered":"http:\/\/clairewermeille.ch\/?page_id=117"},"modified":"2018-06-15T18:09:54","modified_gmt":"2018-06-15T18:09:54","slug":"ergotherapie","status":"publish","type":"page","link":"https:\/\/clairewermeille.ch\/?page_id=117","title":{"rendered":"Ergotherapie"},"content":{"rendered":"<p>Dans un cadre confidentiel et s\u00e9curisant, par la m\u00e9diation d&rsquo;activit\u00e9s th\u00e9rapeutiques, moyen d&rsquo;\u00e9valuation et de traitement; <span style=\"color: #000000;\"><strong>l&rsquo;ergoth\u00e9rapie<\/strong><\/span> offre \u00a0un accompagnement ambulatoire et \u00e0 domicile aux personnes fragilis\u00e9es dans leur sant\u00e9 psychique.\u00a0Je travaille en r\u00e9seau avec les professionnels de la sant\u00e9 et du social.<\/p>\n<p>Chaque\u00a0personne est unique et singuli\u00e8re et connait\u00a0vraiment sa\u00a0situation, ses\u00a0fragilit\u00e9s, ses\u00a0besoins et ses aspirations. Dans une perspective de r\u00e9tablissement, \u00a0 ensemble nous collaborons \u00e0 \u00a0la construction et la mise en \u0153uvre d&rsquo;un\u00a0projet de soin\u00a0par l&rsquo;investissement d&rsquo;activit\u00e9s \u00a0ancr\u00e9es dans le quotidien \u00a0et\u00a0porteuses de sens pour la personne.<\/p>\n<p>Sortir de l&rsquo;isolement, reprendre confiance dans ses comp\u00e9tences et ses ressources, maintenir ou d\u00e9velopper son autonomie, retrouver ou conserver une place et un\u00a0r\u00f4le dans la soci\u00e9t\u00e9, \u00a0d\u00e9velopper des habilet\u00e9s\u00a0relationnelles, mieux conna\u00eetre la maladie, identifier les signes pr\u00e9curseurs d\u2019une rechute.<\/p>\n<p><img loading=\"lazy\" decoding=\"async\" class=\"alignleft wp-image-358 size-full\" src=\"http:\/\/clairewermeille.ch\/wp-content\/uploads\/2018\/05\/Wermeille-Ergoth\u00e9rapie-mise-en-forme.jpg\" alt=\"\" width=\"900\" height=\"672\" srcset=\"https:\/\/clairewermeille.ch\/wp-content\/uploads\/2018\/05\/Wermeille-Ergoth\u00e9rapie-mise-en-forme.jpg 900w, https:\/\/clairewermeille.ch\/wp-content\/uploads\/2018\/05\/Wermeille-Ergoth\u00e9rapie-mise-en-forme-300x224.jpg 300w, https:\/\/clairewermeille.ch\/wp-content\/uploads\/2018\/05\/Wermeille-Ergoth\u00e9rapie-mise-en-forme-768x573.jpg 768w, https:\/\/clairewermeille.ch\/wp-content\/uploads\/2018\/05\/Wermeille-Ergoth\u00e9rapie-mise-en-forme-624x466.jpg 624w\" sizes=\"auto, (max-width: 900px) 100vw, 900px\" \/><\/p>\n<p>&nbsp;<\/p>\n<pre style=\"text-align: left;\"><a href=\"http:\/\/clairewermeille.ch\/wp-content\/uploads\/2018\/02\/54_snmnews_ergotherapie.pdf\">\r\n54_snmnews_ergotherapie<\/a><\/pre>\n","protected":false},"excerpt":{"rendered":"<p>Dans un cadre confidentiel et s\u00e9curisant, par la m\u00e9diation d&rsquo;activit\u00e9s th\u00e9rapeutiques, moyen d&rsquo;\u00e9valuation et de traitement; l&rsquo;ergoth\u00e9rapie offre \u00a0un accompagnement ambulatoire et \u00e0 domicile aux personnes fragilis\u00e9es dans leur sant\u00e9 psychique.\u00a0Je travaille en r\u00e9seau avec les professionnels de la sant\u00e9 et du social. Chaque\u00a0personne est unique et singuli\u00e8re et connait\u00a0vraiment sa\u00a0situation, ses\u00a0fragilit\u00e9s, ses\u00a0besoins et ses [&hellip;]<\/p>\n","protected":false},"author":1,"featured_media":0,"parent":0,"menu_order":3,"comment_status":"closed","ping_status":"closed","template":"page-templates\/full-width.php","meta":{"footnotes":""},"class_list":["post-117","page","type-page","status-publish","hentry"],"_links":{"self":[{"href":"https:\/\/clairewermeille.ch\/index.php?rest_route=\/wp\/v2\/pages\/117","targetHints":{"allow":["GET"]}}],"collection":[{"href":"https:\/\/clairewermeille.ch\/index.php?rest_route=\/wp\/v2\/pages"}],"about":[{"href":"https:\/\/clairewermeille.ch\/index.php?rest_route=\/wp\/v2\/types\/page"}],"author":[{"embeddable":true,"href":"https:\/\/clairewermeille.ch\/index.php?rest_route=\/wp\/v2\/users\/1"}],"replies":[{"embeddable":true,"href":"https:\/\/clairewermeille.ch\/index.php?rest_route=%2Fwp%2Fv2%2Fcomments&post=117"}],"version-history":[{"count":25,"href":"https:\/\/clairewermeille.ch\/index.php?rest_route=\/wp\/v2\/pages\/117\/revisions"}],"predecessor-version":[{"id":415,"href":"https:\/\/clairewermeille.ch\/index.php?rest_route=\/wp\/v2\/pages\/117\/revisions\/415"}],"wp:attachment":[{"href":"https:\/\/clairewermeille.ch\/index.php?rest_route=%2Fwp%2Fv2%2Fmedia&parent=117"}],"curies":[{"name":"wp","href":"https:\/\/api.w.org\/{rel}","templated":true}]}}